{"id":1370,"date":"2020-01-02T09:28:08","date_gmt":"2020-01-02T09:28:08","guid":{"rendered":"http:\/\/wpdemo.archiwp.com\/engitech\/?page_id=1370"},"modified":"2025-08-19T11:41:25","modified_gmt":"2025-08-19T09:41:25","slug":"contact","status":"publish","type":"page","link":"https:\/\/debouana.lu\/fr\/contact\/","title":{"rendered":"Contact"},"content":{"rendered":"<div data-elementor-type=\"wp-page\" data-elementor-id=\"1370\" class=\"elementor elementor-1370\" data-elementor-post-type=\"page\">\n\t\t\t\t\t\t<section class=\"elementor-section elementor-top-section elementor-element elementor-element-8c1b6b2 elementor-section-content-middle ot-traditional elementor-section-boxed elementor-section-height-default elementor-section-height-default\" data-id=\"8c1b6b2\" data-element_type=\"section\">\n\t\t\t\t\t\t<div class=\"elementor-container elementor-column-gap-extended\">\n\t\t\t\t\t<div class=\"elementor-column elementor-col-50 elementor-top-column elementor-element elementor-element-8416bc3 ot-flex-column-vertical\" data-id=\"8416bc3\" data-element_type=\"column\">\n\t\t\t<div class=\"elementor-widget-wrap elementor-element-populated\">\n\t\t\t\t\t\t<div class=\"elementor-element elementor-element-d735292 elementor-widget elementor-widget-iheading\" data-id=\"d735292\" data-element_type=\"widget\" data-widget_type=\"iheading.default\">\n\t\t\t\t<div class=\"elementor-widget-container\">\n\t\t\t\t\t\t\t<div class=\"ot-heading\">\r\n\t        \t            <span>contact details<\/span>\r\n\t        <h2 class=\"main-heading\">Contactez Nous<\/h2>\t    <\/div>\r\n\t    \t\t\t\t<\/div>\n\t\t\t\t<\/div>\n\t\t\t\t<div class=\"elementor-element elementor-element-d1b9e95 elementor-widget elementor-widget-text-editor\" data-id=\"d1b9e95\" data-element_type=\"widget\" data-widget_type=\"text-editor.default\">\n\t\t\t\t<div class=\"elementor-widget-container\">\n\t\t\t\t\t\t\t\t\t<p>Nous sommes \u00e0 l'\u00e9coute de vos besoins, pr\u00eats \u00e0 vous soutenir dans vos d\u00e9fis et \u00e0 les transformer en opportunit\u00e9s. Contactez-nous pour explorer les possibilit\u00e9s et faire avancer vos projets.<\/p>\t\t\t\t\t\t\t\t<\/div>\n\t\t\t\t<\/div>\n\t\t\t\t<div class=\"elementor-element elementor-element-4c90f57 elementor-widget elementor-widget-icontact_info\" data-id=\"4c90f57\" data-element_type=\"widget\" data-widget_type=\"icontact_info.default\">\n\t\t\t\t<div class=\"elementor-widget-container\">\n\t\t\t\t\t\t\t\t\t\t    \t<div class=\"contact-info box-style1\">\r\n\t\t\t\t\t\t\t\t    \t\t        <i class=\"flaticon-envelope\"><\/i>\t\t\t        <div class=\"info-text\">\r\n\t\t\t        \t<h6>Notre Adresse Email :<\/h6>\r\n\t\t\t        \t<p><a href=\"mailto:communication@debouana.com\" style=\"text-decoration: none; color: #6d6d6d;\">communication@debouana.com<\/a>\n<\/p>\r\n\t\t\t        <\/div>\r\n\t\t\t    <\/div>\r\n\t\t    \t    \t\t\t\t<\/div>\n\t\t\t\t<\/div>\n\t\t\t\t<div class=\"elementor-element elementor-element-a59e635 elementor-widget elementor-widget-icontact_info\" data-id=\"a59e635\" data-element_type=\"widget\" data-widget_type=\"icontact_info.default\">\n\t\t\t\t<div class=\"elementor-widget-container\">\n\t\t\t\t\t\t\t\t\t\t    \t<div class=\"contact-info box-style1\">\r\n\t\t\t\t\t\t\t\t    \t\t        <i class=\"flaticon-phone-1\"><\/i>\t\t\t        <div class=\"info-text\">\r\n\t\t\t        \t<h6>Notre T\u00e9l\u00e9phone :<\/h6>\r\n\t\t\t        \t<p><a href=\"tel:+35227676869\" style=\"text-decoration: none; color: #6d6d6d;\">27.67.68.69<\/a><\/p>\r\n\t\t\t        <\/div>\r\n\t\t\t    <\/div>\r\n\t\t    \t    \t\t\t\t<\/div>\n\t\t\t\t<\/div>\n\t\t\t\t<div class=\"elementor-element elementor-element-b59a336 elementor-widget elementor-widget-icontact_info\" data-id=\"b59a336\" data-element_type=\"widget\" data-widget_type=\"icontact_info.default\">\n\t\t\t\t<div class=\"elementor-widget-container\">\n\t\t\t\t\t\t\t\t\t\t    \t<div class=\"contact-info box-style1\">\r\n\t\t\t\t\t\t\t\t    \t\t        <i class=\"flaticon-world-globe\"><\/i>\t\t\t        <div class=\"info-text\">\r\n\t\t\t        \t<h6>Notre Adresse :<\/h6>\r\n\t\t\t        \t<p>Luxembourg \u2014 7, Am Brill L-8562 Schweich<\/p>\r\n\t\t\t        <\/div>\r\n\t\t\t    <\/div>\r\n\t\t    \t    \t\t\t\t<\/div>\n\t\t\t\t<\/div>\n\t\t\t\t<div class=\"elementor-element elementor-element-b84b6c8 elementor-widget elementor-widget-icontact_info\" data-id=\"b84b6c8\" data-element_type=\"widget\" data-widget_type=\"icontact_info.default\">\n\t\t\t\t<div class=\"elementor-widget-container\">\n\t\t\t\t\t\t\t\t\t\t    \t<div class=\"contact-info box-style1\">\r\n\t\t\t\t\t<svg aria-hidden=\"true\" class=\"e-font-icon-svg e-far-calendar-alt\" viewbox=\"0 0 448 512\" xmlns=\"http:\/\/www.w3.org\/2000\/svg\"><path d=\"M148 288h-40c-6.6 0-12-5.4-12-12v-40c0-6.6 5.4-12 12-12h40c6.6 0 12 5.4 12 12v40c0 6.6-5.4 12-12 12zm108-12v-40c0-6.6-5.4-12-12-12h-40c-6.6 0-12 5.4-12 12v40c0 6.6 5.4 12 12 12h40c6.6 0 12-5.4 12-12zm96 0v-40c0-6.6-5.4-12-12-12h-40c-6.6 0-12 5.4-12 12v40c0 6.6 5.4 12 12 12h40c6.6 0 12-5.4 12-12zm-96 96v-40c0-6.6-5.4-12-12-12h-40c-6.6 0-12 5.4-12 12v40c0 6.6 5.4 12 12 12h40c6.6 0 12-5.4 12-12zm-96 0v-40c0-6.6-5.4-12-12-12h-40c-6.6 0-12 5.4-12 12v40c0 6.6 5.4 12 12 12h40c6.6 0 12-5.4 12-12zm192 0v-40c0-6.6-5.4-12-12-12h-40c-6.6 0-12 5.4-12 12v40c0 6.6 5.4 12 12 12h40c6.6 0 12-5.4 12-12zm96-260v352c0 26.5-21.5 48-48 48H48c-26.5 0-48-21.5-48-48V112c0-26.5 21.5-48 48-48h48V12c0-6.6 5.4-12 12-12h40c6.6 0 12 5.4 12 12v52h128V12c0-6.6 5.4-12 12-12h40c6.6 0 12 5.4 12 12v52h48c26.5 0 48 21.5 48 48zm-48 346V160H48v298c0 3.3 2.7 6 6 6h340c3.3 0 6-2.7 6-6z\"><\/path><\/svg>\t\t\t    \t\t        \t\t\t        <div class=\"info-text\">\r\n\t\t\t        \t<h6>Heures d'Ouverture :<\/h6>\r\n\t\t\t        \t<p><p>Lun - Ven : 9h \u00e0 17h<br \/>\nWeek-ends : FERM\u00c9<\/p><\/p>\r\n\t\t\t        <\/div>\r\n\t\t\t    <\/div>\r\n\t\t    \t    \t\t\t\t<\/div>\n\t\t\t\t<\/div>\n\t\t\t\t\t<\/div>\n\t\t<\/div>\n\t\t\t\t<div class=\"elementor-column elementor-col-50 elementor-top-column elementor-element elementor-element-add1e18 ot-flex-column-vertical\" data-id=\"add1e18\" data-element_type=\"column\">\n\t\t\t<div class=\"elementor-widget-wrap elementor-element-populated\">\n\t\t\t\t\t\t<div class=\"elementor-element elementor-element-5c60825 elementor-widget elementor-widget-shortcode\" data-id=\"5c60825\" data-element_type=\"widget\" data-widget_type=\"shortcode.default\">\n\t\t\t\t<div class=\"elementor-widget-container\">\n\t\t\t\t\t\t\t<div class=\"elementor-shortcode\"><script data-jetpack-boost=\"ignore\">(function() {\n\twindow.mc4wp = window.mc4wp || {\n\t\tlisteners: [],\n\t\tforms: {\n\t\t\ton: function(evt, cb) {\n\t\t\t\twindow.mc4wp.listeners.push(\n\t\t\t\t\t{\n\t\t\t\t\t\tevent   : evt,\n\t\t\t\t\t\tcallback: cb\n\t\t\t\t\t}\n\t\t\t\t);\n\t\t\t}\n\t\t}\n\t}\n})();\n<\/script><!-- Mailchimp for WordPress v4.10.6 - https:\/\/wordpress.org\/plugins\/mailchimp-for-wp\/ --><form id=\"mc4wp-form-1\" class=\"mc4wp-form mc4wp-form-6885 mc4wp-form-styles-builder mc4wp-ajax\" method=\"post\" data-id=\"6885\" data-name=\"Contact Form\" action=\"\" ><div class=\"mc4wp-form-fields\"><div class=\"main-form\">\r\n\t<h2 style=\"color:white;\">Pr\u00eat \u00e0 commencer ?<\/h2>\r\n\t<p class=\"font14\">Votre adresse e-mail ne sera pas publi\u00e9e. Les champs obligatoires sont marqu\u00e9s d'un *.<\/p>\r\n\r\n  \t<p>\r\n        <input type=\"text\" name=\"YOUR_NAME\" placeholder=\"Nom et pr\u00e9nom *\" style=\"width:100%\" required>\r\n    <\/p>\r\n\r\n  \t<p>\r\n        <input type=\"email\" id=\"email\" name=\"EMAIL\" placeholder=\"Courriel *\" style=\"width:100%\" required>\r\n    <\/p>\r\n\r\n  \t<p>\r\n\t\t<input type=\"text\" name=\"SUBJECT\" placeholder=\"Sujet *\" style=\"width:100%\" required>\r\n\t<\/p>\r\n  \r\n  \t<p>\r\n      <textarea name=\"MESSAGE\" placeholder=\"Message...\" style=\"width:100%\"><\/textarea>\r\n\t<\/p>\r\n    \r\n\r\n    <input type=\"hidden\" name=\"INTERESTS[bb17d9cdf9]\" value=\"Inquiries\">\r\n\r\n  \r\n  \t<p>\r\n\t\t<button type=\"submit\" class=\"octf-btn octf-btn-light\">Envoyer le message<\/button>\r\n\t<\/p>\r\n<\/div><\/div><label style=\"display: none !important;\">Laissez ce champ vide si vous \u00eates humain\u00a0: <input type=\"text\" name=\"_mc4wp_honeypot\" value=\"\" tabindex=\"-1\" autocomplete=\"off\" \/><\/label><input type=\"hidden\" name=\"_mc4wp_timestamp\" value=\"1775996182\" \/><input type=\"hidden\" name=\"_mc4wp_form_id\" value=\"6885\" \/><input type=\"hidden\" name=\"_mc4wp_form_element_id\" value=\"mc4wp-form-1\" \/><div class=\"mc4wp-response\"><\/div><input type=\"hidden\" name=\"trp-form-language\" value=\"fr\"\/><\/form><!-- \/ Mailchimp for WordPress Plugin --><\/div>\n\t\t\t\t\t\t<\/div>\n\t\t\t\t<\/div>\n\t\t\t\t\t<\/div>\n\t\t<\/div>\n\t\t\t\t\t<\/div>\n\t\t<\/section>\n\t\t\t\t<section class=\"elementor-section elementor-top-section elementor-element elementor-element-aba0bc8 elementor-section-full_width ot-traditional elementor-section-height-default elementor-section-height-default\" data-id=\"aba0bc8\" data-element_type=\"section\">\n\t\t\t\t\t\t<div class=\"elementor-container elementor-column-gap-default\">\n\t\t\t\t\t<div class=\"elementor-column elementor-col-100 elementor-top-column elementor-element elementor-element-aa84c84 ot-flex-column-vertical\" data-id=\"aa84c84\" data-element_type=\"column\">\n\t\t\t<div class=\"elementor-widget-wrap elementor-element-populated\">\n\t\t\t\t\t\t<div class=\"elementor-element elementor-element-1952363 elementor-widget elementor-widget-google_maps\" data-id=\"1952363\" data-element_type=\"widget\" data-widget_type=\"google_maps.default\">\n\t\t\t\t<div class=\"elementor-widget-container\">\n\t\t\t\t\t\t\t<div class=\"elementor-custom-embed\">\n\t\t\t<iframe loading=\"lazy\"\n\t\t\t\t\tdata-src=\"https:\/\/maps.google.com\/maps?q=7%2C%20am%20brill%2C%208562%20Schweich%2C%20Luxembourg&#038;t=m&#038;z=10&#038;output=embed&#038;iwloc=near\"\n\t\t\t\t\ttitle=\"7, am brill, 8562 Schweich, Luxembourg\"\n\t\t\t\t\taria-label=\"7, am brill, 8562 Schweich, Luxembourg\"\n\t\t\t src=\"data:image\/gif;base64,R0lGODlhAQABAAAAACH5BAEKAAEALAAAAAABAAEAAAICTAEAOw==\" class=\"lazyload\" data-load-mode=\"1\"><\/iframe>\n\t\t<\/div>\n\t\t\t\t\t\t<\/div>\n\t\t\t\t<\/div>\n\t\t\t\t\t<\/div>\n\t\t<\/div>\n\t\t\t\t\t<\/div>\n\t\t<\/section>\n\t\t\t\t<\/div>","protected":false},"excerpt":{"rendered":"<p>contact details Contact us We are attentive to your needs, ready to support you in your challenges and turn them into opportunities. Contact us to explore possibilities and advance your projects. Our Mailbox: communication@debouana.com Our Phone: 27.67.68.69 Our Address: Luxembourg \u2014 7, Am Brill L-8562 Schweich Opening Hours: Mon &#8211; Fri : 9 AM to [&hellip;]<\/p>","protected":false},"author":4,"featured_media":0,"parent":0,"menu_order":0,"comment_status":"closed","ping_status":"closed","template":"","meta":{"_acf_changed":false,"footnotes":""},"class_list":["post-1370","page","type-page","status-publish","hentry"],"acf":[],"yoast_head":"<!-- This site is optimized with the Yoast SEO plugin v25.8 - https:\/\/yoast.com\/wordpress\/plugins\/seo\/ -->\n<title>Contact - De Bouana<\/title>\n<meta name=\"robots\" content=\"index, follow, max-snippet:-1, max-image-preview:large, max-video-preview:-1\" \/>\n<link rel=\"canonical\" href=\"https:\/\/debouana.lu\/fr\/contact\/\" \/>\n<meta property=\"og:locale\" content=\"fr_FR\" \/>\n<meta property=\"og:type\" content=\"article\" \/>\n<meta property=\"og:title\" content=\"Contact - De Bouana\" \/>\n<meta property=\"og:description\" content=\"contact details Contact us We are attentive to your needs, ready to support you in your challenges and turn them into opportunities. Contact us to explore possibilities and advance your projects. Our Mailbox: communication@debouana.com Our Phone: 27.67.68.69 Our Address: Luxembourg \u2014 7, Am Brill L-8562 Schweich Opening Hours: Mon &#8211; Fri : 9 AM to [&hellip;]\" \/>\n<meta property=\"og:url\" content=\"https:\/\/debouana.lu\/fr\/contact\/\" \/>\n<meta property=\"og:site_name\" content=\"De Bouana\" \/>\n<meta property=\"article:publisher\" content=\"https:\/\/web.facebook.com\/profile.php?id=61559640213628\" \/>\n<meta property=\"article:modified_time\" content=\"2025-08-19T09:41:25+00:00\" \/>\n<meta name=\"twitter:card\" content=\"summary_large_image\" \/>\n<meta name=\"twitter:label1\" content=\"Dur\u00e9e de lecture estim\u00e9e\" \/>\n\t<meta name=\"twitter:data1\" content=\"1 minute\" \/>\n<script type=\"application\/ld+json\" class=\"yoast-schema-graph\">{\"@context\":\"https:\/\/schema.org\",\"@graph\":[{\"@type\":\"WebPage\",\"@id\":\"https:\/\/debouana.lu\/contact\/\",\"url\":\"https:\/\/debouana.lu\/contact\/\",\"name\":\"Contact - De Bouana\",\"isPartOf\":{\"@id\":\"https:\/\/debouana.lu\/#website\"},\"datePublished\":\"2020-01-02T09:28:08+00:00\",\"dateModified\":\"2025-08-19T09:41:25+00:00\",\"breadcrumb\":{\"@id\":\"https:\/\/debouana.lu\/contact\/#breadcrumb\"},\"inLanguage\":\"fr-FR\",\"potentialAction\":[{\"@type\":\"ReadAction\",\"target\":[\"https:\/\/debouana.lu\/contact\/\"]}]},{\"@type\":\"BreadcrumbList\",\"@id\":\"https:\/\/debouana.lu\/contact\/#breadcrumb\",\"itemListElement\":[{\"@type\":\"ListItem\",\"position\":1,\"name\":\"Accueil\",\"item\":\"https:\/\/debouana.lu\/\"},{\"@type\":\"ListItem\",\"position\":2,\"name\":\"Contact\"}]},{\"@type\":\"WebSite\",\"@id\":\"https:\/\/debouana.lu\/#website\",\"url\":\"https:\/\/debouana.lu\/\",\"name\":\"De Bouana\",\"description\":\"IT Service Provider\",\"publisher\":{\"@id\":\"https:\/\/debouana.lu\/#organization\"},\"alternateName\":\"De Bouana SARL\",\"potentialAction\":[{\"@type\":\"SearchAction\",\"target\":{\"@type\":\"EntryPoint\",\"urlTemplate\":\"https:\/\/debouana.lu\/?s={search_term_string}\"},\"query-input\":{\"@type\":\"PropertyValueSpecification\",\"valueRequired\":true,\"valueName\":\"search_term_string\"}}],\"inLanguage\":\"fr-FR\"},{\"@type\":\"Organization\",\"@id\":\"https:\/\/debouana.lu\/#organization\",\"name\":\"De Bouana\",\"url\":\"https:\/\/debouana.lu\/\",\"logo\":{\"@type\":\"ImageObject\",\"inLanguage\":\"fr-FR\",\"@id\":\"https:\/\/debouana.lu\/#\/schema\/logo\/image\/\",\"url\":\"https:\/\/i0.wp.com\/debouana.lu\/wp-content\/uploads\/2024\/08\/LDB-NOUVEAU-LOGO4-30.png?fit=1511%2C1512&ssl=1\",\"contentUrl\":\"https:\/\/i0.wp.com\/debouana.lu\/wp-content\/uploads\/2024\/08\/LDB-NOUVEAU-LOGO4-30.png?fit=1511%2C1512&ssl=1\",\"width\":1511,\"height\":1512,\"caption\":\"De Bouana\"},\"image\":{\"@id\":\"https:\/\/debouana.lu\/#\/schema\/logo\/image\/\"},\"sameAs\":[\"https:\/\/web.facebook.com\/profile.php?id=61559640213628\",\"https:\/\/www.linkedin.com\/company\/de-bouana\/?viewAsMember=true\"]}]}<\/script>\n<!-- \/ Yoast SEO plugin. -->","yoast_head_json":{"title":"Contact - De Bouana","robots":{"index":"index","follow":"follow","max-snippet":"max-snippet:-1","max-image-preview":"max-image-preview:large","max-video-preview":"max-video-preview:-1"},"canonical":"https:\/\/debouana.lu\/fr\/contact\/","og_locale":"fr_FR","og_type":"article","og_title":"Contact - De Bouana","og_description":"contact details Contact us We are attentive to your needs, ready to support you in your challenges and turn them into opportunities. Contact us to explore possibilities and advance your projects. Our Mailbox: communication@debouana.com Our Phone: 27.67.68.69 Our Address: Luxembourg \u2014 7, Am Brill L-8562 Schweich Opening Hours: Mon &#8211; Fri : 9 AM to [&hellip;]","og_url":"https:\/\/debouana.lu\/fr\/contact\/","og_site_name":"De Bouana","article_publisher":"https:\/\/web.facebook.com\/profile.php?id=61559640213628","article_modified_time":"2025-08-19T09:41:25+00:00","twitter_card":"summary_large_image","twitter_misc":{"Dur\u00e9e de lecture estim\u00e9e":"1 minute"},"schema":{"@context":"https:\/\/schema.org","@graph":[{"@type":"WebPage","@id":"https:\/\/debouana.lu\/contact\/","url":"https:\/\/debouana.lu\/contact\/","name":"Contact - De Bouana","isPartOf":{"@id":"https:\/\/debouana.lu\/#website"},"datePublished":"2020-01-02T09:28:08+00:00","dateModified":"2025-08-19T09:41:25+00:00","breadcrumb":{"@id":"https:\/\/debouana.lu\/contact\/#breadcrumb"},"inLanguage":"fr-FR","potentialAction":[{"@type":"ReadAction","target":["https:\/\/debouana.lu\/contact\/"]}]},{"@type":"BreadcrumbList","@id":"https:\/\/debouana.lu\/contact\/#breadcrumb","itemListElement":[{"@type":"ListItem","position":1,"name":"Accueil","item":"https:\/\/debouana.lu\/"},{"@type":"ListItem","position":2,"name":"Contact"}]},{"@type":"WebSite","@id":"https:\/\/debouana.lu\/#website","url":"https:\/\/debouana.lu\/","name":"De Bouana","description":"IT Service Provider","publisher":{"@id":"https:\/\/debouana.lu\/#organization"},"alternateName":"De Bouana SARL","potentialAction":[{"@type":"SearchAction","target":{"@type":"EntryPoint","urlTemplate":"https:\/\/debouana.lu\/?s={search_term_string}"},"query-input":{"@type":"PropertyValueSpecification","valueRequired":true,"valueName":"search_term_string"}}],"inLanguage":"fr-FR"},{"@type":"Organization","@id":"https:\/\/debouana.lu\/#organization","name":"De Bouana","url":"https:\/\/debouana.lu\/","logo":{"@type":"ImageObject","inLanguage":"fr-FR","@id":"https:\/\/debouana.lu\/#\/schema\/logo\/image\/","url":"https:\/\/i0.wp.com\/debouana.lu\/wp-content\/uploads\/2024\/08\/LDB-NOUVEAU-LOGO4-30.png?fit=1511%2C1512&ssl=1","contentUrl":"https:\/\/i0.wp.com\/debouana.lu\/wp-content\/uploads\/2024\/08\/LDB-NOUVEAU-LOGO4-30.png?fit=1511%2C1512&ssl=1","width":1511,"height":1512,"caption":"De Bouana"},"image":{"@id":"https:\/\/debouana.lu\/#\/schema\/logo\/image\/"},"sameAs":["https:\/\/web.facebook.com\/profile.php?id=61559640213628","https:\/\/www.linkedin.com\/company\/de-bouana\/?viewAsMember=true"]}]}},"jetpack_sharing_enabled":true,"jetpack_shortlink":"https:\/\/wp.me\/Pg9wwD-m6","_links":{"self":[{"href":"https:\/\/debouana.lu\/fr\/wp-json\/wp\/v2\/pages\/1370","targetHints":{"allow":["GET"]}}],"collection":[{"href":"https:\/\/debouana.lu\/fr\/wp-json\/wp\/v2\/pages"}],"about":[{"href":"https:\/\/debouana.lu\/fr\/wp-json\/wp\/v2\/types\/page"}],"author":[{"embeddable":true,"href":"https:\/\/debouana.lu\/fr\/wp-json\/wp\/v2\/users\/4"}],"replies":[{"embeddable":true,"href":"https:\/\/debouana.lu\/fr\/wp-json\/wp\/v2\/comments?post=1370"}],"version-history":[{"count":0,"href":"https:\/\/debouana.lu\/fr\/wp-json\/wp\/v2\/pages\/1370\/revisions"}],"wp:attachment":[{"href":"https:\/\/debouana.lu\/fr\/wp-json\/wp\/v2\/media?parent=1370"}],"curies":[{"name":"wp","href":"https:\/\/api.w.org\/{rel}","templated":true}]}}