{"id":6360,"date":"2024-11-14T11:54:58","date_gmt":"2024-11-14T10:54:58","guid":{"rendered":"https:\/\/debouana.lu\/?page_id=6360"},"modified":"2024-11-15T13:37:26","modified_gmt":"2024-11-15T12:37:26","slug":"privacy-policy-2","status":"publish","type":"page","link":"https:\/\/debouana.lu\/de\/privacy-policy-2\/","title":{"rendered":"Datenschutzrichtlinie"},"content":{"rendered":"<div data-elementor-type=\"wp-page\" data-elementor-id=\"6360\" class=\"elementor elementor-6360\" data-elementor-post-type=\"page\">\n\t\t\t\t<div class=\"elementor-element elementor-element-2318a98 e-flex e-con-boxed e-con e-parent\" data-id=\"2318a98\" data-element_type=\"container\">\n\t\t\t\t\t<div class=\"e-con-inner\">\n\t\t<div class=\"elementor-element elementor-element-442d5af e-con-full e-flex e-con e-child\" data-id=\"442d5af\" data-element_type=\"container\">\n\t\t\t\t<div class=\"elementor-element elementor-element-79e8f24 elementor-widget elementor-widget-iheading\" data-id=\"79e8f24\" data-element_type=\"widget\" data-widget_type=\"iheading.default\">\n\t\t\t\t<div class=\"elementor-widget-container\">\n\t\t\t\t\t\t\t<div class=\"ot-heading\">\r\n\t        \t            <span>unsere Politik<\/span>\r\n\t        \t    <\/div>\r\n\t    \t\t\t\t<\/div>\n\t\t\t\t<\/div>\n\t\t\t\t<div class=\"elementor-element elementor-element-b6c082e elementor-widget__width-initial elementor-widget elementor-widget-text-editor\" data-id=\"b6c082e\" data-element_type=\"widget\" data-widget_type=\"text-editor.default\">\n\t\t\t\t<div class=\"elementor-widget-container\">\n\t\t\t\t\t\t\t\t\t<p>Bei De Bouana nehmen wir den Schutz Ihrer pers\u00f6nlichen Daten sehr ernst und verpflichten uns zu einem transparenten und sicheren Umgang mit diesen. In dieser Datenschutzrichtlinie wird erl\u00e4utert, wie wir Ihre personenbezogenen Daten im Zusammenhang mit unserer Website und unseren Diensten erfassen, verwenden und sch\u00fctzen.<\/p>\t\t\t\t\t\t\t\t<\/div>\n\t\t\t\t<\/div>\n\t\t\t\t<\/div>\n\t\t\t\t\t<\/div>\n\t\t\t\t<\/div>\n\t\t<div class=\"elementor-element elementor-element-32adf2d e-grid e-con-boxed e-con e-parent\" data-id=\"32adf2d\" data-element_type=\"container\">\n\t\t\t\t\t<div class=\"e-con-inner\">\n\t\t\t\t<div class=\"elementor-element elementor-element-aa9e5c5 elementor-widget elementor-widget-text-editor\" data-id=\"aa9e5c5\" data-element_type=\"widget\" data-widget_type=\"text-editor.default\">\n\t\t\t\t<div class=\"elementor-widget-container\">\n\t\t\t\t\t\t\t\t\t<p><strong>1. Datenerfassung\u00a0<\/strong><\/p><p>Wir erfassen nur die Informationen, die f\u00fcr die Bereitstellung unserer Dienste erforderlich sind, einschlie\u00dflich personenbezogener Daten, die Sie uns direkt zur Verf\u00fcgung stellen, wie z. B. Ihren Namen, Ihre E-Mail-Adresse und alle anderen Informationen, die f\u00fcr die Beantwortung Ihrer Anfragen relevant sind.<\/p><p>Navigationsdaten auf unserer Website, die \u00fcber Cookies gesammelt werden, um Ihr Benutzererlebnis zu verbessern.<\/p>\t\t\t\t\t\t\t\t<\/div>\n\t\t\t\t<\/div>\n\t\t\t\t<div class=\"elementor-element elementor-element-f51a74e elementor-widget elementor-widget-text-editor\" data-id=\"f51a74e\" data-element_type=\"widget\" data-widget_type=\"text-editor.default\">\n\t\t\t\t<div class=\"elementor-widget-container\">\n\t\t\t\t\t\t\t\t\t<p><strong>2. Verwendung der Daten<\/strong><\/p><p>Ihre pers\u00f6nlichen Daten werden ausschlie\u00dflich verwendet, um:<\/p><p>Bearbeiten Sie Ihre Anfragen und beantworten Sie Ihre Fragen.<br \/>Verbessern Sie unsere Dienste und personalisieren Sie Ihr Benutzererlebnis.<br \/>Um Sie mit Ihrer vorherigen Zustimmung \u00fcber unsere Dienstleistungen, Sonderangebote und Neuigkeiten zu informieren.<\/p>\t\t\t\t\t\t\t\t<\/div>\n\t\t\t\t<\/div>\n\t\t\t\t<div class=\"elementor-element elementor-element-3a56e32 elementor-widget elementor-widget-text-editor\" data-id=\"3a56e32\" data-element_type=\"widget\" data-widget_type=\"text-editor.default\">\n\t\t\t\t<div class=\"elementor-widget-container\">\n\t\t\t\t\t\t\t\t\t<p><strong>3. Teilen von Daten<\/strong><\/p><p>Wir geben Ihre Daten nur in folgenden F\u00e4llen an Dritte weiter:<\/p><p class=\"translation-block\">Wenn es f\u00fcr die Bereitstellung unserer Dienste erforderlich ist, in \u00dcbereinstimmung mit dem Gesetz.<br>Mit vertrauensw\u00fcrdigen Partnern f\u00fcr das Hosting und die Entwicklung unserer Website, die selbst verpflichtet sind, die Vertraulichkeit Ihrer Daten zu respektieren.<\/p>\t\t\t\t\t\t\t\t<\/div>\n\t\t\t\t<\/div>\n\t\t\t\t<div class=\"elementor-element elementor-element-deff18f elementor-widget elementor-widget-text-editor\" data-id=\"deff18f\" data-element_type=\"widget\" data-widget_type=\"text-editor.default\">\n\t\t\t\t<div class=\"elementor-widget-container\">\n\t\t\t\t\t\t\t\t\t<p><strong>4. Datensicherheit<\/strong><\/p><p>Wir setzen technische und organisatorische Sicherheitsma\u00dfnahmen ein, um Ihre Daten vor unbefugtem Zugriff, Ver\u00e4nderung, Offenlegung oder Zerst\u00f6rung zu sch\u00fctzen.<\/p>\t\t\t\t\t\t\t\t<\/div>\n\t\t\t\t<\/div>\n\t\t\t\t<div class=\"elementor-element elementor-element-5ef79f8 elementor-widget elementor-widget-text-editor\" data-id=\"5ef79f8\" data-element_type=\"widget\" data-widget_type=\"text-editor.default\">\n\t\t\t\t<div class=\"elementor-widget-container\">\n\t\t\t\t\t\t\t\t\t<p><strong>5. Ihre Rechte<\/strong><\/p><p>Gem\u00e4\u00df der geltenden Gesetzgebung haben Sie folgende Rechte bez\u00fcglich Ihrer personenbezogenen Daten:<\/p><p>Zugriff, \u00c4nderung oder L\u00f6schung Ihrer Daten.<br \/>Widerspruch gegen bestimmte Verarbeitungen.<br \/>Portabilit\u00e4t Ihrer Daten<\/p><p>Um Ihre Rechte auszu\u00fcben oder Fragen zu unserer Datenschutzrichtlinie zu haben, kontaktieren Sie uns bitte unter: <a href=\"mailto:communication@debouana.com\">communication@debouana.com<\/a><\/p>\t\t\t\t\t\t\t\t<\/div>\n\t\t\t\t<\/div>\n\t\t\t\t<div class=\"elementor-element elementor-element-7ec56e1 elementor-widget elementor-widget-text-editor\" data-id=\"7ec56e1\" data-element_type=\"widget\" data-widget_type=\"text-editor.default\">\n\t\t\t\t<div class=\"elementor-widget-container\">\n\t\t\t\t\t\t\t\t\t<p><strong>6. Richtlinien\u00e4nderungen<\/strong><\/p><p>Wir behalten uns das Recht vor, diese Datenschutzerkl\u00e4rung zu aktualisieren, um sie an rechtliche oder technische Entwicklungen anzupassen. \u00c4nderungen werden auf dieser Seite ver\u00f6ffentlicht.<\/p><p>Letzte Aktualisierung: 13.11.2024<\/p>\t\t\t\t\t\t\t\t<\/div>\n\t\t\t\t<\/div>\n\t\t\t\t\t<\/div>\n\t\t\t\t<\/div>\n\t\t\t\t<\/div>","protected":false},"excerpt":{"rendered":"<p>our policy At De Bouana, we take the protection of your personal data very seriously and we are committed to treating it transparently and securely. This privacy policy explains how we collect, use and protect your personal information in connection with our website and services. 1. Data Collection\u00a0 We only collect the information necessary to [&hellip;]<\/p>","protected":false},"author":1,"featured_media":0,"parent":0,"menu_order":0,"comment_status":"closed","ping_status":"closed","template":"","meta":{"_acf_changed":false,"footnotes":""},"class_list":["post-6360","page","type-page","status-publish","hentry"],"acf":[],"yoast_head":"<!-- This site is optimized with the Yoast SEO plugin v25.8 - https:\/\/yoast.com\/wordpress\/plugins\/seo\/ -->\n<title>Privacy Policy - De Bouana<\/title>\n<meta name=\"robots\" content=\"index, follow, max-snippet:-1, max-image-preview:large, max-video-preview:-1\" \/>\n<link rel=\"canonical\" href=\"https:\/\/debouana.lu\/de\/privacy-policy-2\/\" \/>\n<meta property=\"og:locale\" content=\"de_DE\" \/>\n<meta property=\"og:type\" content=\"article\" \/>\n<meta property=\"og:title\" content=\"Privacy Policy - De Bouana\" \/>\n<meta property=\"og:description\" content=\"our policy At De Bouana, we take the protection of your personal data very seriously and we are committed to treating it transparently and securely. This privacy policy explains how we collect, use and protect your personal information in connection with our website and services. 1. Data Collection\u00a0 We only collect the information necessary to [&hellip;]\" \/>\n<meta property=\"og:url\" content=\"https:\/\/debouana.lu\/de\/privacy-policy-2\/\" \/>\n<meta property=\"og:site_name\" content=\"De Bouana\" \/>\n<meta property=\"article:publisher\" content=\"https:\/\/web.facebook.com\/profile.php?id=61559640213628\" \/>\n<meta property=\"article:modified_time\" content=\"2024-11-15T12:37:26+00:00\" \/>\n<meta name=\"twitter:card\" content=\"summary_large_image\" \/>\n<meta name=\"twitter:label1\" content=\"Gesch\u00e4tzte Lesezeit\" \/>\n\t<meta name=\"twitter:data1\" content=\"2\u00a0Minuten\" \/>\n<script type=\"application\/ld+json\" class=\"yoast-schema-graph\">{\"@context\":\"https:\/\/schema.org\",\"@graph\":[{\"@type\":\"WebPage\",\"@id\":\"https:\/\/debouana.lu\/privacy-policy-2\/\",\"url\":\"https:\/\/debouana.lu\/privacy-policy-2\/\",\"name\":\"Privacy Policy - De Bouana\",\"isPartOf\":{\"@id\":\"https:\/\/debouana.lu\/#website\"},\"datePublished\":\"2024-11-14T10:54:58+00:00\",\"dateModified\":\"2024-11-15T12:37:26+00:00\",\"breadcrumb\":{\"@id\":\"https:\/\/debouana.lu\/privacy-policy-2\/#breadcrumb\"},\"inLanguage\":\"de\",\"potentialAction\":[{\"@type\":\"ReadAction\",\"target\":[\"https:\/\/debouana.lu\/privacy-policy-2\/\"]}]},{\"@type\":\"BreadcrumbList\",\"@id\":\"https:\/\/debouana.lu\/privacy-policy-2\/#breadcrumb\",\"itemListElement\":[{\"@type\":\"ListItem\",\"position\":1,\"name\":\"Accueil\",\"item\":\"https:\/\/debouana.lu\/\"},{\"@type\":\"ListItem\",\"position\":2,\"name\":\"Privacy Policy\"}]},{\"@type\":\"WebSite\",\"@id\":\"https:\/\/debouana.lu\/#website\",\"url\":\"https:\/\/debouana.lu\/\",\"name\":\"De Bouana\",\"description\":\"IT Service Provider\",\"publisher\":{\"@id\":\"https:\/\/debouana.lu\/#organization\"},\"alternateName\":\"De Bouana SARL\",\"potentialAction\":[{\"@type\":\"SearchAction\",\"target\":{\"@type\":\"EntryPoint\",\"urlTemplate\":\"https:\/\/debouana.lu\/?s={search_term_string}\"},\"query-input\":{\"@type\":\"PropertyValueSpecification\",\"valueRequired\":true,\"valueName\":\"search_term_string\"}}],\"inLanguage\":\"de\"},{\"@type\":\"Organization\",\"@id\":\"https:\/\/debouana.lu\/#organization\",\"name\":\"De Bouana\",\"url\":\"https:\/\/debouana.lu\/\",\"logo\":{\"@type\":\"ImageObject\",\"inLanguage\":\"de\",\"@id\":\"https:\/\/debouana.lu\/#\/schema\/logo\/image\/\",\"url\":\"https:\/\/i0.wp.com\/debouana.lu\/wp-content\/uploads\/2024\/08\/LDB-NOUVEAU-LOGO4-30.png?fit=1511%2C1512&ssl=1\",\"contentUrl\":\"https:\/\/i0.wp.com\/debouana.lu\/wp-content\/uploads\/2024\/08\/LDB-NOUVEAU-LOGO4-30.png?fit=1511%2C1512&ssl=1\",\"width\":1511,\"height\":1512,\"caption\":\"De Bouana\"},\"image\":{\"@id\":\"https:\/\/debouana.lu\/#\/schema\/logo\/image\/\"},\"sameAs\":[\"https:\/\/web.facebook.com\/profile.php?id=61559640213628\",\"https:\/\/www.linkedin.com\/company\/de-bouana\/?viewAsMember=true\"]}]}<\/script>\n<!-- \/ Yoast SEO plugin. -->","yoast_head_json":{"title":"Privacy Policy - De Bouana","robots":{"index":"index","follow":"follow","max-snippet":"max-snippet:-1","max-image-preview":"max-image-preview:large","max-video-preview":"max-video-preview:-1"},"canonical":"https:\/\/debouana.lu\/de\/privacy-policy-2\/","og_locale":"de_DE","og_type":"article","og_title":"Privacy Policy - De Bouana","og_description":"our policy At De Bouana, we take the protection of your personal data very seriously and we are committed to treating it transparently and securely. This privacy policy explains how we collect, use and protect your personal information in connection with our website and services. 1. Data Collection\u00a0 We only collect the information necessary to [&hellip;]","og_url":"https:\/\/debouana.lu\/de\/privacy-policy-2\/","og_site_name":"De Bouana","article_publisher":"https:\/\/web.facebook.com\/profile.php?id=61559640213628","article_modified_time":"2024-11-15T12:37:26+00:00","twitter_card":"summary_large_image","twitter_misc":{"Gesch\u00e4tzte Lesezeit":"2\u00a0Minuten"},"schema":{"@context":"https:\/\/schema.org","@graph":[{"@type":"WebPage","@id":"https:\/\/debouana.lu\/privacy-policy-2\/","url":"https:\/\/debouana.lu\/privacy-policy-2\/","name":"Privacy Policy - De Bouana","isPartOf":{"@id":"https:\/\/debouana.lu\/#website"},"datePublished":"2024-11-14T10:54:58+00:00","dateModified":"2024-11-15T12:37:26+00:00","breadcrumb":{"@id":"https:\/\/debouana.lu\/privacy-policy-2\/#breadcrumb"},"inLanguage":"de","potentialAction":[{"@type":"ReadAction","target":["https:\/\/debouana.lu\/privacy-policy-2\/"]}]},{"@type":"BreadcrumbList","@id":"https:\/\/debouana.lu\/privacy-policy-2\/#breadcrumb","itemListElement":[{"@type":"ListItem","position":1,"name":"Accueil","item":"https:\/\/debouana.lu\/"},{"@type":"ListItem","position":2,"name":"Privacy Policy"}]},{"@type":"WebSite","@id":"https:\/\/debouana.lu\/#website","url":"https:\/\/debouana.lu\/","name":"De Bouana","description":"IT Service Provider","publisher":{"@id":"https:\/\/debouana.lu\/#organization"},"alternateName":"De Bouana SARL","potentialAction":[{"@type":"SearchAction","target":{"@type":"EntryPoint","urlTemplate":"https:\/\/debouana.lu\/?s={search_term_string}"},"query-input":{"@type":"PropertyValueSpecification","valueRequired":true,"valueName":"search_term_string"}}],"inLanguage":"de"},{"@type":"Organization","@id":"https:\/\/debouana.lu\/#organization","name":"De Bouana","url":"https:\/\/debouana.lu\/","logo":{"@type":"ImageObject","inLanguage":"de","@id":"https:\/\/debouana.lu\/#\/schema\/logo\/image\/","url":"https:\/\/i0.wp.com\/debouana.lu\/wp-content\/uploads\/2024\/08\/LDB-NOUVEAU-LOGO4-30.png?fit=1511%2C1512&ssl=1","contentUrl":"https:\/\/i0.wp.com\/debouana.lu\/wp-content\/uploads\/2024\/08\/LDB-NOUVEAU-LOGO4-30.png?fit=1511%2C1512&ssl=1","width":1511,"height":1512,"caption":"De Bouana"},"image":{"@id":"https:\/\/debouana.lu\/#\/schema\/logo\/image\/"},"sameAs":["https:\/\/web.facebook.com\/profile.php?id=61559640213628","https:\/\/www.linkedin.com\/company\/de-bouana\/?viewAsMember=true"]}]}},"jetpack_sharing_enabled":true,"jetpack_shortlink":"https:\/\/wp.me\/Pg9wwD-1EA","_links":{"self":[{"href":"https:\/\/debouana.lu\/de\/wp-json\/wp\/v2\/pages\/6360","targetHints":{"allow":["GET"]}}],"collection":[{"href":"https:\/\/debouana.lu\/de\/wp-json\/wp\/v2\/pages"}],"about":[{"href":"https:\/\/debouana.lu\/de\/wp-json\/wp\/v2\/types\/page"}],"author":[{"embeddable":true,"href":"https:\/\/debouana.lu\/de\/wp-json\/wp\/v2\/users\/1"}],"replies":[{"embeddable":true,"href":"https:\/\/debouana.lu\/de\/wp-json\/wp\/v2\/comments?post=6360"}],"version-history":[{"count":0,"href":"https:\/\/debouana.lu\/de\/wp-json\/wp\/v2\/pages\/6360\/revisions"}],"wp:attachment":[{"href":"https:\/\/debouana.lu\/de\/wp-json\/wp\/v2\/media?parent=6360"}],"curies":[{"name":"wp","href":"https:\/\/api.w.org\/{rel}","templated":true}]}}